{"id":64,"date":"2019-07-16T08:16:06","date_gmt":"2019-07-16T08:16:06","guid":{"rendered":"https:\/\/apartmentdolfi.sk\/?page_id=64\/"},"modified":"2019-08-02T07:53:08","modified_gmt":"2019-08-02T07:53:08","slug":"home","status":"publish","type":"page","link":"https:\/\/apartmentdolfi.sk\/en\/","title":{"rendered":"Home"},"content":{"rendered":"<p>[vc_row css_animation=&#8221;&#8221; row_type=&#8221;row&#8221; use_row_as_full_screen_section=&#8221;no&#8221; type=&#8221;full_width&#8221; angled_section=&#8221;no&#8221; text_align=&#8221;left&#8221; background_image_as_pattern=&#8221;without_pattern&#8221;][vc_column][rev_slider_vc alias=&#8221;domov&#8221;][\/vc_column][\/vc_row][vc_row css_animation=&#8221;&#8221; row_type=&#8221;row&#8221; use_row_as_full_screen_section=&#8221;no&#8221; type=&#8221;grid&#8221; angled_section=&#8221;no&#8221; text_align=&#8221;left&#8221; background_image_as_pattern=&#8221;without_pattern&#8221; z_index=&#8221;&#8221;][vc_column][vc_empty_space height=&#8221;64px&#8221;][vc_row_inner row_type=&#8221;row&#8221; type=&#8221;full_width&#8221; text_align=&#8221;left&#8221; css_animation=&#8221;&#8221;][vc_column_inner width=&#8221;1\/2&#8243;][vc_empty_space height=&#8221;60px&#8221;][vc_column_text]<\/p>\n<h1>Apartment<\/h1>\n<p>[\/vc_column_text][vc_empty_space height=&#8221;30px&#8221;][vc_column_text]<em>Brand new modern Apartment directly at Sunny Lakes in Senec with two balconies total approx. 53m2. Apartment has one bedroom, living room with kitchen and folding sofa (possible use as additional double bed). It is suitable for family relax as well as for business travel. Apartment can host 1 up to 4 people.<\/em>[\/vc_column_text][\/vc_column_inner][vc_column_inner width=&#8221;1\/2&#8243;][vc_gallery interval=&#8221;3&#8243; images=&#8221;10,11,12,13,14,15,9,8&#8243; img_size=&#8221;700&#215;500&#8243;][\/vc_column_inner][\/vc_row_inner][vc_empty_space height=&#8221;64px&#8221;][\/vc_column][\/vc_row][vc_row row_type=&#8221;parallax&#8221; parallax_content_width=&#8221;full_width&#8221; text_align=&#8221;left&#8221; full_screen_section_height=&#8221;no&#8221; css=&#8221;.vc_custom_1562947064830{background-position: 0 0 !important;background-repeat: no-repeat !important;}&#8221; background_image=&#8221;21&#8243;][vc_column][vc_empty_space height=&#8221;128px&#8221;][vc_row_inner row_type=&#8221;row&#8221; type=&#8221;full_width&#8221; text_align=&#8221;left&#8221; css_animation=&#8221;&#8221;][vc_column_inner width=&#8221;1\/4&#8243;][\/vc_column_inner][vc_column_inner width=&#8221;1\/2&#8243; css=&#8221;.vc_custom_1563205197601{padding: 30px !important;background-color: rgba(255,255,255,0.55) !important;*background-color: rgb(255,255,255) !important;}&#8221;][vc_empty_space height=&#8221;64px&#8221;][vc_column_text]<\/p>\n<p style=\"text-align: center;\">Located in Senec, at Sunny Lakes, close to hotels, restaurants, direct at aquapark. It is close to the Bratislava airport &amp;public transport. There are excellent public transport services between Bratislava and Senec with both train and bus lines.<\/p>\n<p style=\"text-align: center;\"><span style=\"color: #000000;\">\u00a0<\/span><\/p>\n<p>[\/vc_column_text][vc_empty_space height=&#8221;64px&#8221;][\/vc_column_inner][vc_column_inner width=&#8221;1\/4&#8243;][\/vc_column_inner][\/vc_row_inner][vc_empty_space height=&#8221;128px&#8221;][\/vc_column][\/vc_row][vc_row css_animation=&#8221;&#8221; row_type=&#8221;row&#8221; use_row_as_full_screen_section=&#8221;no&#8221; type=&#8221;grid&#8221; angled_section=&#8221;no&#8221; text_align=&#8221;left&#8221; background_image_as_pattern=&#8221;without_pattern&#8221; z_index=&#8221;&#8221;][vc_column][vc_empty_space height=&#8221;64px&#8221;][vc_row_inner row_type=&#8221;row&#8221; type=&#8221;full_width&#8221; text_align=&#8221;left&#8221; css_animation=&#8221;&#8221;][vc_column_inner][vc_empty_space height=&#8221;60px&#8221;][vc_column_text]<\/p>\n<h1>Appliances<\/h1>\n<p>[\/vc_column_text][vc_empty_space height=&#8221;30px&#8221;][\/vc_column_inner][\/vc_row_inner][vc_row_inner row_type=&#8221;row&#8221; type=&#8221;full_width&#8221; text_align=&#8221;left&#8221; css_animation=&#8221;&#8221;][vc_column_inner width=&#8221;1\/6&#8243;][\/vc_column_inner][vc_column_inner width=&#8221;2\/3&#8243;][qode_elements_holder number_of_columns=&#8221;two_columns&#8221; columns_proportion=&#8221;33_66&#8243;][qode_elements_holder_item vertical_alignment=&#8221;top&#8221; advanced_animations=&#8221;no&#8221; item_padding_600_768=&#8221;0px 20px 0px 20px&#8221; item_padding_480_600=&#8221;0px 20px 0px 20px&#8221; item_padding_480=&#8221;0px 20px 0px 20px&#8221;]<div class=\"q_icon_list\"><i class=\"qode_icon_font_awesome fa fa-circle qode-ili-icon-holder transparent\" style=\"font-size: 13px;color: #66000d;\" ><\/i><p style=\"color:#000000;font-size: 17px;font-weight: 500;\">dishwasher<\/p><\/div><div class=\"q_icon_list\"><i class=\"qode_icon_font_awesome fa fa-circle qode-ili-icon-holder transparent\" style=\"font-size: 13px;color: #66000d;\" ><\/i><p style=\"color:#000000;font-size: 17px;font-weight: 500;\">washing machine<\/p><\/div><div class=\"q_icon_list\"><i class=\"qode_icon_font_awesome fa fa-circle qode-ili-icon-holder transparent\" style=\"font-size: 13px;color: #66000d;\" ><\/i><p style=\"color:#000000;font-size: 17px;font-weight: 500;\">fridge<\/p><\/div><div class=\"q_icon_list\"><i class=\"qode_icon_font_awesome fa fa-circle qode-ili-icon-holder transparent\" style=\"font-size: 13px;color: #66000d;\" ><\/i><p style=\"color:#000000;font-size: 17px;font-weight: 500;\">freezer<\/p><\/div>[\/qode_elements_holder_item][qode_elements_holder_item advanced_animations=&#8221;no&#8221; item_padding_600_768=&#8221;0px 20px 0px 20px&#8221; item_padding_480_600=&#8221;0px 20px 0px 20px&#8221; item_padding_480=&#8221;0px 20px 0px 20px&#8221;]<div class=\"q_icon_list\"><i class=\"qode_icon_font_awesome fa fa-circle qode-ili-icon-holder transparent\" style=\"font-size: 13px;color: #66000d;\" ><\/i><p style=\"color:#000000;font-size: 17px;font-weight: 500;\">Air-condition<\/p><\/div><div class=\"q_icon_list\"><i class=\"qode_icon_font_awesome fa fa-circle qode-ili-icon-holder transparent\" style=\"font-size: 13px;color: #66000d;\" ><\/i><p style=\"color:#000000;font-size: 17px;font-weight: 500;\">TV<\/p><\/div><div class=\"q_icon_list\"><i class=\"qode_icon_font_awesome fa fa-circle qode-ili-icon-holder transparent\" style=\"font-size: 13px;color: #66000d;\" ><\/i><p style=\"color:#000000;font-size: 17px;font-weight: 500;\">free wifi<\/p><\/div><div class=\"q_icon_list\"><i class=\"qode_icon_font_awesome fa fa-circle qode-ili-icon-holder transparent\" style=\"font-size: 13px;color: #66000d;\" ><\/i><p style=\"color:#000000;font-size: 17px;font-weight: 500;\">heating for each room<\/p><\/div>[\/qode_elements_holder_item][\/qode_elements_holder][\/vc_column_inner][vc_column_inner width=&#8221;1\/6&#8243;][\/vc_column_inner][\/vc_row_inner][vc_empty_space height=&#8221;45px&#8221;][vc_column_text]<\/p>\n<h4 style=\"text-align: center;\">Apartment is on the 1st floor. To consider other people living in the house I would like to ask youto avoid noise from 23:00 to 06:00.<\/h4>\n<p>[\/vc_column_text][vc_empty_space height=&#8221;64px&#8221;][vc_row_inner row_type=&#8221;row&#8221; type=&#8221;full_width&#8221; text_align=&#8221;left&#8221; css_animation=&#8221;&#8221;][vc_column_inner width=&#8221;1\/5&#8243;][vc_single_image image=&#8221;24&#8243; img_size=&#8221;180&#215;150&#8243; alignment=&#8221;center&#8221; qode_css_animation=&#8221;&#8221; qode_hover_animation=&#8221;zoom_in&#8221;][\/vc_column_inner][vc_column_inner width=&#8221;1\/5&#8243;][vc_empty_space height=&#8221;20px&#8221;][vc_single_image image=&#8221;10&#8243; img_size=&#8221;250&#215;220&#8243; alignment=&#8221;center&#8221; qode_css_animation=&#8221;&#8221; qode_hover_animation=&#8221;zoom_in&#8221;][\/vc_column_inner][vc_column_inner width=&#8221;1\/5&#8243;][vc_empty_space height=&#8221;40px&#8221; el_class=&#8221;viewdesktop&#8221;][vc_empty_space height=&#8221;20px&#8221; el_class=&#8221;viewphone&#8221;][vc_single_image image=&#8221;26&#8243; img_size=&#8221;280&#215;250&#8243; alignment=&#8221;center&#8221; qode_css_animation=&#8221;&#8221; qode_hover_animation=&#8221;zoom_in&#8221;][\/vc_column_inner][vc_column_inner width=&#8221;1\/5&#8243;][vc_empty_space height=&#8221;20px&#8221;][vc_single_image image=&#8221;22&#8243; img_size=&#8221;250&#215;220&#8243; alignment=&#8221;center&#8221; qode_css_animation=&#8221;&#8221; qode_hover_animation=&#8221;zoom_in&#8221;][\/vc_column_inner][vc_column_inner width=&#8221;1\/5&#8243;][vc_empty_space height=&#8221;20px&#8221; el_class=&#8221;viewphone&#8221;][vc_single_image image=&#8221;23&#8243; img_size=&#8221;180&#215;150&#8243; alignment=&#8221;center&#8221; qode_css_animation=&#8221;&#8221; qode_hover_animation=&#8221;zoom_in&#8221;][\/vc_column_inner][\/vc_row_inner][vc_empty_space height=&#8221;64px&#8221;][vc_row_inner row_type=&#8221;row&#8221; type=&#8221;full_width&#8221; text_align=&#8221;left&#8221; css_animation=&#8221;&#8221;][vc_column_inner][vc_empty_space height=&#8221;60px&#8221;][vc_column_text]<\/p>\n<h1>Apartment is close to<\/h1>\n<p>[\/vc_column_text][vc_empty_space height=&#8221;30px&#8221;][\/vc_column_inner][\/vc_row_inner][vc_row_inner row_type=&#8221;row&#8221; type=&#8221;full_width&#8221; text_align=&#8221;left&#8221; css_animation=&#8221;&#8221;][vc_column_inner width=&#8221;1\/6&#8243;][\/vc_column_inner][vc_column_inner width=&#8221;2\/3&#8243;][qode_elements_holder number_of_columns=&#8221;two_columns&#8221;][qode_elements_holder_item advanced_animations=&#8221;no&#8221; item_padding_600_768=&#8221;0px 20px 0px 20px&#8221; item_padding_480_600=&#8221;0px 20px 0px 20px&#8221; item_padding_480=&#8221;0px 20px 0px 20px&#8221;]<div class=\"q_icon_list\"><i class=\"qode_icon_font_awesome fa fa-circle qode-ili-icon-holder transparent\" style=\"font-size: 13px;color: #66000d;\" ><\/i><p style=\"color:#000000;font-size: 17px;font-weight: 500;\">aquapark Senec, Sai wellness (1 minute per food)<\/p><\/div><div class=\"q_icon_list\"><i class=\"qode_icon_font_awesome fa fa-circle qode-ili-icon-holder transparent\" style=\"font-size: 13px;color: #66000d;\" ><\/i><p style=\"color:#000000;font-size: 17px;font-weight: 500;\">The Train station (around 2 minutes by car)<\/p><\/div><div class=\"q_icon_list\"><i class=\"qode_icon_font_awesome fa fa-circle qode-ili-icon-holder transparent\" style=\"font-size: 13px;color: #66000d;\" ><\/i><p style=\"color:#000000;font-size: 17px;font-weight: 500;\">The Bus station (approximately 3 minutes by car)<\/p><\/div>[\/qode_elements_holder_item][qode_elements_holder_item advanced_animations=&#8221;no&#8221; item_padding_600_768=&#8221;0px 20px 0px 20px&#8221; item_padding_480_600=&#8221;0px 20px 0px 20px&#8221; item_padding_480=&#8221;0px 20px 0px 20px&#8221;]<div class=\"q_icon_list\"><i class=\"qode_icon_font_awesome fa fa-circle qode-ili-icon-holder transparent\" style=\"font-size: 13px;color: #66000d;\" ><\/i><p style=\"color:#000000;font-size: 17px;font-weight: 500;\">The Airport in capital Bratislava (25km. approx..18 min. via Highway)<\/p><\/div><div class=\"q_icon_list\"><i class=\"qode_icon_font_awesome fa fa-circle qode-ili-icon-holder transparent\" style=\"font-size: 13px;color: #66000d;\" ><\/i><p style=\"color:#000000;font-size: 17px;font-weight: 500;\">Logistic park (up to 5 min by car)<\/p><\/div><div class=\"q_icon_list\"><i class=\"qode_icon_font_awesome fa fa-circle qode-ili-icon-holder transparent\" style=\"font-size: 13px;color: #66000d;\" ><\/i><p style=\"color:#000000;font-size: 17px;font-weight: 500;\">Slovakia Ring (30 minutes by car)<\/p><\/div><div class=\"q_icon_list\"><i class=\"qode_icon_font_awesome fa fa-circle qode-ili-icon-holder transparent\" style=\"font-size: 13px;color: #66000d;\" ><\/i><p style=\"color:#000000;font-size: 17px;font-weight: 500;\">Golf Hrub\u00e1 Bor\u0161a (12 minutes by car)<\/p><\/div>[\/qode_elements_holder_item][\/qode_elements_holder][\/vc_column_inner][vc_column_inner width=&#8221;1\/6&#8243;][\/vc_column_inner][\/vc_row_inner][vc_empty_space height=&#8221;64px&#8221;][\/vc_column][\/vc_row][vc_row css_animation=&#8221;&#8221; row_type=&#8221;row&#8221; use_row_as_full_screen_section=&#8221;no&#8221; type=&#8221;grid&#8221; angled_section=&#8221;no&#8221; text_align=&#8221;left&#8221; background_image_as_pattern=&#8221;without_pattern&#8221; z_index=&#8221;&#8221; css=&#8221;.vc_custom_1563192708930{background-color: rgba(102,0,13,0.75) !important;*background-color: rgb(102,0,13) !important;}&#8221;][vc_column][vc_empty_space height=&#8221;64px&#8221;][vc_empty_space height=&#8221;60px&#8221;][vc_column_text]<\/p>\n<h1 style=\"text-align: center;\"><span style=\"color: #ffffff;\">Senec<\/span><\/h1>\n<p>[\/vc_column_text][vc_empty_space height=&#8221;10px&#8221;][vc_column_text]<\/p>\n<h2 style=\"text-align: center;\"><span style=\"color: #ffffff;\">Slne\u010dn\u00e9 jazer\u00e1<br \/>\n<\/span><\/h2>\n<p>[\/vc_column_text][vc_empty_space height=&#8221;64px&#8221;][qode_elements_holder number_of_columns=&#8221;two_columns&#8221; columns_proportion=&#8221;33_66&#8243;][qode_elements_holder_item advanced_animations=&#8221;no&#8221;][vc_single_image image=&#8221;27&#8243; img_size=&#8221;350&#215;200&#8243; alignment=&#8221;center&#8221; onclick=&#8221;link_image&#8221; qode_css_animation=&#8221;&#8221;][\/qode_elements_holder_item][qode_elements_holder_item advanced_animations=&#8221;no&#8221; item_padding=&#8221;80px 0 80px 80px&#8221; item_padding_1280_1440=&#8221;50px 0 50px 50px&#8221; item_padding_1024_1280=&#8221;50px 0 50px 50px&#8221; item_padding_768_1024=&#8221;50px 0 50px 50px&#8221; item_padding_600_768=&#8221;40px 0&#8243; item_padding_480_600=&#8221;40px 0&#8243; item_padding_480=&#8221;40px 0&#8243;][vc_column_text]<span style=\"color: #ffffff;\">Senec can be found within the Central European Region. It is situated in the South-West of Slovakia \u2013 situated aprox. 27 km far-away from the Austrian and Hungarian borders.<\/span><\/p>\n<p>&nbsp;<\/p>\n<p><span style=\"color: #ffffff;\">Bratislava, capital city of Slovakia is 25 km away from Senec. Senec has good access to Highway D1, Bratislava &#8211; \u017dilina, and is situated on the significant European railway route Prague-Bratislava-Balkans\/Orient.<\/span>[\/vc_column_text][\/qode_elements_holder_item][\/qode_elements_holder][vc_empty_space height=&#8221;15px&#8221;][qode_elements_holder number_of_columns=&#8221;two_columns&#8221; columns_proportion=&#8221;66_33&#8243;][qode_elements_holder_item advanced_animations=&#8221;no&#8221; item_padding=&#8221;80px 80 px 80px 0&#8243; item_padding_1280_1440=&#8221;50px 50px 50px 0&#8243; item_padding_1024_1280=&#8221;50px 50px 50px 0&#8243; item_padding_768_1024=&#8221;50px 50px0 50px 0&#8243; item_padding_600_768=&#8221;40px 0&#8243; item_padding_480_600=&#8221;40px 0&#8243; item_padding_480=&#8221;40px 0&#8243;][vc_single_image image=&#8221;49&#8243; img_size=&#8221;350&#215;200&#8243; alignment=&#8221;center&#8221; onclick=&#8221;link_image&#8221; qode_css_animation=&#8221;&#8221; el_class=&#8221;viewphone&#8221;][vc_empty_space height=&#8221;40px&#8221; el_class=&#8221;viewphone&#8221;][vc_column_text]<\/p>\n<p style=\"text-align: right;\"><span style=\"color: #ffffff;\">Senec\u00a0 is a well known summer tourism and recreation center for it\u015b summer resort &#8220;Slne\u010dn\u00e9 jazer\u00e1&#8221; (&#8220;Sunny Lakes&#8221;). Many domestic and foreign tourists come here to relax by the water or enjoy many opportunities for sports and cultural events.<\/span><\/p>\n<p style=\"text-align: right;\"><span style=\"color: #ffffff;\">There are many children playgrounds, beach volleyball playgrounds, tennis courts and tobogans, sport facilities rental company. You can borrow sport equipment like boats or water bicycles, paddle boards.\u00a0 In the areal is lot of restaurants.<\/span><\/p>\n<p>[\/vc_column_text][\/qode_elements_holder_item][qode_elements_holder_item advanced_animations=&#8221;no&#8221;][vc_single_image image=&#8221;49&#8243; img_size=&#8221;350&#215;200&#8243; alignment=&#8221;center&#8221; onclick=&#8221;link_image&#8221; qode_css_animation=&#8221;&#8221; el_class=&#8221;viewdesktop&#8221;][\/qode_elements_holder_item][\/qode_elements_holder][vc_empty_space height=&#8221;15px&#8221;][qode_elements_holder number_of_columns=&#8221;two_columns&#8221; columns_proportion=&#8221;33_66&#8243;][qode_elements_holder_item advanced_animations=&#8221;no&#8221;][vc_single_image image=&#8221;50&#8243; img_size=&#8221;350&#215;200&#8243; alignment=&#8221;center&#8221; onclick=&#8221;link_image&#8221; qode_css_animation=&#8221;&#8221;][\/qode_elements_holder_item][qode_elements_holder_item advanced_animations=&#8221;no&#8221; item_padding=&#8221;80px 0 80px 80px&#8221; item_padding_1280_1440=&#8221;50px 0 50px 50px&#8221; item_padding_1024_1280=&#8221;50px 0 50px 50px&#8221; item_padding_768_1024=&#8221;50px 0 50px 50px&#8221; item_padding_600_768=&#8221;40px 0&#8243; item_padding_480_600=&#8221;40px 0&#8243; item_padding_480=&#8221;40px 0&#8243;][vc_column_text]<span style=\"color: #ffffff;\">There is an Aquapark and Sai wellness with the wide choice of possibilities available during the whole year.<\/span><\/p>\n<p>&nbsp;<\/p>\n<p><span style=\"color: #ffffff;\">The logistics center, about 10 minutes away, has many warehouses and offices. For this reason, many travelers come here for business trips.<\/span><\/p>\n<p><span style=\"color: #ffffff;\">\u00a0<\/span>[\/vc_column_text][\/qode_elements_holder_item][\/qode_elements_holder][vc_empty_space height=&#8221;64px&#8221;][\/vc_column][\/vc_row][vc_row css_animation=&#8221;&#8221; row_type=&#8221;row&#8221; use_row_as_full_screen_section=&#8221;no&#8221; type=&#8221;grid&#8221; angled_section=&#8221;no&#8221; text_align=&#8221;left&#8221; background_image_as_pattern=&#8221;without_pattern&#8221; z_index=&#8221;&#8221;][vc_column][vc_empty_space height=&#8221;64px&#8221;][vc_column_text]<\/p>\n<h1>Prices<\/h1>\n<p>[\/vc_column_text][vc_empty_space height=&#8221;30px&#8221;][vc_column_text]Prices from<strong> 100,- Eur &#8211; 150,- Eur<\/strong>\/aparrtment\/night<\/p>\n<p>&nbsp;<\/p>\n<p>the prices depends on season, number of persons, lenght of your stay.<br \/>\nRequests for price quotations please write below.<br \/>\nFor long term rents of apartment we offer discounts.<\/p>\n<p>&nbsp;<\/p>\n<p>City tax for short-term accomodation is <strong>0,70 EUR<\/strong>\/person\/night.<\/p>\n<p>[\/vc_column_text][vc_empty_space height=&#8221;64px&#8221;][vc_row_inner row_type=&#8221;row&#8221; type=&#8221;full_width&#8221; text_align=&#8221;left&#8221; css_animation=&#8221;&#8221;][vc_column_inner width=&#8221;1\/3&#8243;][vc_empty_space height=&#8221;60px&#8221;][vc_column_text]<\/p>\n<h1>Contacts<\/h1>\n<p>[\/vc_column_text][vc_empty_space height=&#8221;30px&#8221;][vc_column_text]<span data-type=\"normal\"  class=\"qode_icon_shortcode  q_font_awsome_icon  pull-left \" style=\" \"><i class=\"qode_icon_font_awesome fa fa-phone qode_icon_element\" style=\"color: #66000d;\" ><\/i><\/span>\u00a0 <a href=\"tel: +421907125192\">00421\/907 125 192<\/a><\/p>\n<p>&nbsp;<\/p>\n<p><span data-type=\"normal\"  class=\"qode_icon_shortcode  q_font_awsome_icon  pull-left \" style=\" \"><i class=\"qode_icon_font_awesome fa fa-phone qode_icon_element\" style=\"color: #66000d;\" ><\/i><\/span>\u00a0 <a href=\"tel: +421903677037\">00421\/903 677 037<\/a><\/p>\n<p>&nbsp;<\/p>\n<p><span data-type=\"normal\"  class=\"qode_icon_shortcode  q_font_awsome_icon  pull-left \" style=\" \"><i class=\"qode_icon_font_awesome fa fa-envelope qode_icon_element\" style=\"color: #66000d;\" ><\/i><\/span>\u00a0 <a href=\"mailto:info@apartmentdolfi.sk\">info@apartmentdolfi.sk<\/a><\/p>\n<p>&nbsp;<\/p>\n<p><span data-type=\"normal\"  class=\"qode_icon_shortcode  q_font_awsome_icon  pull-left \" style=\" \"><i class=\"qode_icon_font_awesome fa fa-globe qode_icon_element\" style=\"color: #66000d;\" ><\/i><\/span> \u00a0<a href=\"https:\/\/apartmentdolfi.sk\">https:\/\/apartmentdolfi.sk<\/a>[\/vc_column_text][\/vc_column_inner][vc_column_inner width=&#8221;2\/3&#8243;][vc_empty_space height=&#8221;150px&#8221;]\n<div class=\"wpcf7 no-js\" id=\"wpcf7-f65-o1\" lang=\"en-US\" dir=\"ltr\" data-wpcf7-id=\"65\">\n<div class=\"screen-reader-response\"><p role=\"status\" aria-live=\"polite\" aria-atomic=\"true\"><\/p> <ul><\/ul><\/div>\n<form action=\"\/en\/wp-json\/wp\/v2\/pages\/64#wpcf7-f65-o1\" method=\"post\" class=\"wpcf7-form init cf7_custom_style_1\" aria-label=\"Contact form\" novalidate=\"novalidate\" data-status=\"init\">\n<fieldset class=\"hidden-fields-container\"><input type=\"hidden\" name=\"_wpcf7\" value=\"65\" \/><input type=\"hidden\" name=\"_wpcf7_version\" value=\"6.1.5\" \/><input type=\"hidden\" name=\"_wpcf7_locale\" value=\"en_US\" \/><input type=\"hidden\" name=\"_wpcf7_unit_tag\" value=\"wpcf7-f65-o1\" \/><input type=\"hidden\" name=\"_wpcf7_container_post\" value=\"0\" \/><input type=\"hidden\" name=\"_wpcf7_posted_data_hash\" value=\"\" \/><input type=\"hidden\" name=\"_wpcf7_recaptcha_response\" value=\"\" \/>\n<\/fieldset>\n<p><label> Name*<br \/>\n<span class=\"wpcf7-form-control-wrap\" data-name=\"your-name\"><input size=\"40\" maxlength=\"400\" class=\"wpcf7-form-control wpcf7-text wpcf7-validates-as-required\" aria-required=\"true\" aria-invalid=\"false\" value=\"\" type=\"text\" name=\"your-name\" \/><\/span> <\/label>\n<\/p>\n<p><label> Email*<br \/>\n<span class=\"wpcf7-form-control-wrap\" data-name=\"email\"><input size=\"40\" maxlength=\"400\" class=\"wpcf7-form-control wpcf7-email wpcf7-validates-as-required wpcf7-text wpcf7-validates-as-email\" aria-required=\"true\" aria-invalid=\"false\" value=\"\" type=\"email\" name=\"email\" \/><\/span> <\/label>\n<\/p>\n<p><label> Subject<br \/>\n<span class=\"wpcf7-form-control-wrap\" data-name=\"subject\"><input size=\"40\" maxlength=\"400\" class=\"wpcf7-form-control wpcf7-text\" aria-invalid=\"false\" value=\"\" type=\"text\" name=\"subject\" \/><\/span> <\/label>\n<\/p>\n<p><label> Message<br \/>\n<span class=\"wpcf7-form-control-wrap\" data-name=\"message\"><textarea cols=\"40\" rows=\"10\" maxlength=\"2000\" class=\"wpcf7-form-control wpcf7-textarea\" aria-invalid=\"false\" name=\"message\"><\/textarea><\/span> <\/label>\n<\/p>\n<p><span class=\"wpcf7-form-control-wrap\" data-name=\"acceptance-363\"><span class=\"wpcf7-form-control wpcf7-acceptance\"><span class=\"wpcf7-list-item\"><label><input type=\"checkbox\" name=\"acceptance-363\" value=\"1\" aria-invalid=\"false\" \/><span class=\"wpcf7-list-item-label\">I agree with <a href=\" https:\/\/apartmentdolfi.sk\/en\/gdpr\/\" target=\"_self\">terms and conditions<\/a><\/span><\/label><\/span><\/span><\/span>\n<\/p>\n<p><input class=\"wpcf7-form-control wpcf7-submit has-spinner\" type=\"submit\" value=\"Send\" \/>\n<\/p><p style=\"display: none !important;\" class=\"akismet-fields-container\" data-prefix=\"_wpcf7_ak_\"><label>&#916;<textarea name=\"_wpcf7_ak_hp_textarea\" cols=\"45\" rows=\"8\" maxlength=\"100\"><\/textarea><\/label><input type=\"hidden\" id=\"ak_js_1\" name=\"_wpcf7_ak_js\" value=\"59\"\/><script>document.getElementById( \"ak_js_1\" ).setAttribute( \"value\", ( new Date() ).getTime() );<\/script><\/p><div class=\"wpcf7-response-output\" aria-hidden=\"true\"><\/div>\n<\/form>\n<\/div>\n[\/vc_column_inner][\/vc_row_inner][vc_empty_space height=&#8221;64px&#8221;][\/vc_column][\/vc_row][vc_row css_animation=&#8221;&#8221; row_type=&#8221;row&#8221; use_row_as_full_screen_section=&#8221;no&#8221; type=&#8221;full_width&#8221; angled_section=&#8221;no&#8221; text_align=&#8221;left&#8221; background_image_as_pattern=&#8221;without_pattern&#8221; z_index=&#8221;&#8221;][vc_column][vc_gmaps link=&#8221;#E-8_JTNDaWZyYW1lJTIwc3JjJTNEJTIyaHR0cHMlM0ElMkYlMkZ3d3cuZ29vZ2xlLmNvbSUyRm1hcHMlMkZlbWJlZCUzRnBiJTNEJTIxMW0xOCUyMTFtMTIlMjExbTMlMjExZDY2NC41NzM0MTUxODM5NTk0JTIxMmQxNy40MTQwMTQ3NDU2NDUxMjIlMjEzZDQ4LjIyMDIxOTY2NjI0ODEyJTIxMm0zJTIxMWYwJTIxMmYwJTIxM2YwJTIxM20yJTIxMWkxMDI0JTIxMmk3NjglMjE0ZjEzLjElMjEzbTMlMjExbTIlMjExczB4NDc2YzlkM2MyZjBkYjRhZCUyNTNBMHg3OTE1NWU3YWEzODRhOWNlJTIxMnNBcGFydG1lbnQlMkJEb2xmaSUyMTVlMCUyMTNtMiUyMTFzZW4lMjEyc2x0JTIxNHYxNTY0NzMyMzI1NjA4JTIxNW0yJTIxMXNlbiUyMTJzbHQlMjIlMjB3aWR0aCUzRCUyMjYwMCUyMiUyMGhlaWdodCUzRCUyMjQ1MCUyMiUyMGZyYW1lYm9yZGVyJTNEJTIyMCUyMiUyMHN0eWxlJTNEJTIyYm9yZGVyJTNBMCUyMiUyMGFsbG93ZnVsbHNjcmVlbiUzRSUzQyUyRmlmcmFtZSUzRQ==&#8221;][\/vc_column][\/vc_row]<\/p>\n","protected":false},"excerpt":{"rendered":"<p>[vc_row css_animation=&#8221;&#8221; row_type=&#8221;row&#8221; use_row_as_full_screen_section=&#8221;no&#8221; type=&#8221;full_width&#8221; angled_section=&#8221;no&#8221; text_align=&#8221;left&#8221; background_image_as_pattern=&#8221;without_pattern&#8221;][vc_column][rev_slider_vc alias=&#8221;domov&#8221;][\/vc_column][\/vc_row][vc_row css_animation=&#8221;&#8221; row_type=&#8221;row&#8221; use_row_as_full_screen_section=&#8221;no&#8221; type=&#8221;grid&#8221; angled_section=&#8221;no&#8221; text_align=&#8221;left&#8221; background_image_as_pattern=&#8221;without_pattern&#8221; z_index=&#8221;&#8221;][vc_column][vc_empty_space height=&#8221;64px&#8221;][vc_row_inner row_type=&#8221;row&#8221; type=&#8221;full_width&#8221; text_align=&#8221;left&#8221; css_animation=&#8221;&#8221;][vc_column_inner width=&#8221;1\/2&#8243;][vc_empty_space height=&#8221;60px&#8221;][vc_column_text] Apartment [\/vc_column_text][vc_empty_space height=&#8221;30px&#8221;][vc_column_text]Brand new modern Apartment directly at Sunny Lakes in Senec with two balconies total approx. 53m2. Apartment has one&#8230;<\/p>\n","protected":false},"author":1,"featured_media":0,"parent":0,"menu_order":0,"comment_status":"closed","ping_status":"open","template":"full_width.php","meta":{"footnotes":""},"class_list":["post-64","page","type-page","status-publish","hentry"],"_links":{"self":[{"href":"https:\/\/apartmentdolfi.sk\/en\/wp-json\/wp\/v2\/pages\/64","targetHints":{"allow":["GET"]}}],"collection":[{"href":"https:\/\/apartmentdolfi.sk\/en\/wp-json\/wp\/v2\/pages"}],"about":[{"href":"https:\/\/apartmentdolfi.sk\/en\/wp-json\/wp\/v2\/types\/page"}],"author":[{"embeddable":true,"href":"https:\/\/apartmentdolfi.sk\/en\/wp-json\/wp\/v2\/users\/1"}],"replies":[{"embeddable":true,"href":"https:\/\/apartmentdolfi.sk\/en\/wp-json\/wp\/v2\/comments?post=64"}],"version-history":[{"count":9,"href":"https:\/\/apartmentdolfi.sk\/en\/wp-json\/wp\/v2\/pages\/64\/revisions"}],"predecessor-version":[{"id":107,"href":"https:\/\/apartmentdolfi.sk\/en\/wp-json\/wp\/v2\/pages\/64\/revisions\/107"}],"wp:attachment":[{"href":"https:\/\/apartmentdolfi.sk\/en\/wp-json\/wp\/v2\/media?parent=64"}],"curies":[{"name":"wp","href":"https:\/\/api.w.org\/{rel}","templated":true}]}}