{"id":72,"date":"2019-07-16T08:28:05","date_gmt":"2019-07-16T08:28:05","guid":{"rendered":"https:\/\/apartmentdolfi.sk\/?page_id=72\/"},"modified":"2019-08-02T07:55:09","modified_gmt":"2019-08-02T07:55:09","slug":"startseite","status":"publish","type":"page","link":"https:\/\/apartmentdolfi.sk\/de\/","title":{"rendered":"Startseite"},"content":{"rendered":"<p>[vc_row css_animation=&#8220;&#8220; row_type=&#8220;row&#8220; use_row_as_full_screen_section=&#8220;no&#8220; type=&#8220;full_width&#8220; angled_section=&#8220;no&#8220; text_align=&#8220;left&#8220; background_image_as_pattern=&#8220;without_pattern&#8220;][vc_column][rev_slider_vc alias=&#8220;domov&#8220;][\/vc_column][\/vc_row][vc_row css_animation=&#8220;&#8220; row_type=&#8220;row&#8220; use_row_as_full_screen_section=&#8220;no&#8220; type=&#8220;grid&#8220; angled_section=&#8220;no&#8220; text_align=&#8220;left&#8220; background_image_as_pattern=&#8220;without_pattern&#8220; z_index=&#8220;&#8220;][vc_column][vc_empty_space height=&#8220;64px&#8220;][vc_row_inner row_type=&#8220;row&#8220; type=&#8220;full_width&#8220; text_align=&#8220;left&#8220; css_animation=&#8220;&#8220;][vc_column_inner width=&#8220;1\/2&#8243;][vc_empty_space height=&#8220;60px&#8220;][vc_column_text]<\/p>\n<h1>Appartement<\/h1>\n<p>[\/vc_column_text][vc_empty_space height=&#8220;30px&#8220;][vc_column_text]Ein neues sch\u00f6nes Appartement am Sonnensee in Senec mit zwei Balkonen mit der Gesamtfl\u00e4che 53m2. Es verf\u00fcgt \u00fcber ein Schlafzimmer, ein Wohnzimmer mit einem Bettsofa und eine vollst\u00e4ndig ausgestattete K\u00fcche. Das Appartement mit der maximalen Kapazit\u00e4t 4 Personen eignet sich sowohl f\u00fcr den Familienurlaub als auch f\u00fcr die Gesch\u00e4ftsreisenden.<\/p>\n<p>[\/vc_column_text][\/vc_column_inner][vc_column_inner width=&#8220;1\/2&#8243;][vc_gallery interval=&#8220;3&#8243; images=&#8220;10,11,12,13,14,15,9,8&#8243; img_size=&#8220;700&#215;500&#8243;][\/vc_column_inner][\/vc_row_inner][vc_empty_space height=&#8220;64px&#8220;][\/vc_column][\/vc_row][vc_row row_type=&#8220;parallax&#8220; parallax_content_width=&#8220;full_width&#8220; text_align=&#8220;left&#8220; full_screen_section_height=&#8220;no&#8220; css=&#8220;.vc_custom_1562947064830{background-position: 0 0 !important;background-repeat: no-repeat !important;}&#8220; background_image=&#8220;21&#8243;][vc_column][vc_empty_space height=&#8220;128px&#8220;][vc_row_inner row_type=&#8220;row&#8220; type=&#8220;full_width&#8220; text_align=&#8220;left&#8220; css_animation=&#8220;&#8220;][vc_column_inner width=&#8220;1\/4&#8243;][\/vc_column_inner][vc_column_inner width=&#8220;1\/2&#8243; css=&#8220;.vc_custom_1563205197601{padding: 30px !important;background-color: rgba(255,255,255,0.55) !important;*background-color: rgb(255,255,255) !important;}&#8220;][vc_empty_space height=&#8220;64px&#8220;][vc_column_text]<\/p>\n<p style=\"text-align: center;\">Es befindet sich in Senec direkt am Sonnensee in der N\u00e4he von Hotels, Restaurants und Aquapark. Senec ist leicht erreichbar vom Flughafen in Bratislava oder in Wien. Es gibt sehr gute Verkehrsverbindungen mit Bratislava und anderen nahen St\u00e4dten.<\/p>\n<p>[\/vc_column_text][vc_empty_space height=&#8220;64px&#8220;][\/vc_column_inner][vc_column_inner width=&#8220;1\/4&#8243;][\/vc_column_inner][\/vc_row_inner][vc_empty_space height=&#8220;128px&#8220;][\/vc_column][\/vc_row][vc_row css_animation=&#8220;&#8220; row_type=&#8220;row&#8220; use_row_as_full_screen_section=&#8220;no&#8220; type=&#8220;grid&#8220; angled_section=&#8220;no&#8220; text_align=&#8220;left&#8220; background_image_as_pattern=&#8220;without_pattern&#8220; z_index=&#8220;&#8220;][vc_column][vc_empty_space height=&#8220;64px&#8220;][vc_row_inner row_type=&#8220;row&#8220; type=&#8220;full_width&#8220; text_align=&#8220;left&#8220; css_animation=&#8220;&#8220;][vc_column_inner][vc_empty_space height=&#8220;60px&#8220;][vc_column_text]<\/p>\n<h1>Ausstattung<\/h1>\n<p>[\/vc_column_text][vc_empty_space height=&#8220;30px&#8220;][\/vc_column_inner][\/vc_row_inner][vc_row_inner row_type=&#8220;row&#8220; type=&#8220;full_width&#8220; text_align=&#8220;left&#8220; css_animation=&#8220;&#8220;][vc_column_inner width=&#8220;1\/6&#8243;][\/vc_column_inner][vc_column_inner width=&#8220;2\/3&#8243;][qode_elements_holder number_of_columns=&#8220;two_columns&#8220; columns_proportion=&#8220;33_66&#8243;][qode_elements_holder_item vertical_alignment=&#8220;top&#8220; advanced_animations=&#8220;no&#8220; item_padding_600_768=&#8220;0px 20px 0px 20px&#8220; item_padding_480_600=&#8220;0px 20px 0px 20px&#8220; item_padding_480=&#8220;0px 20px 0px 20px&#8220;]<div class=\"q_icon_list\"><i class=\"qode_icon_font_awesome fa fa-circle qode-ili-icon-holder transparent\" style=\"font-size: 13px;color: #66000d;\" ><\/i><p style=\"color:#000000;font-size: 17px;font-weight: 500;\">Geschirrsp\u00fcler<\/p><\/div><div class=\"q_icon_list\"><i class=\"qode_icon_font_awesome fa fa-circle qode-ili-icon-holder transparent\" style=\"font-size: 13px;color: #66000d;\" ><\/i><p style=\"color:#000000;font-size: 17px;font-weight: 500;\">Waschmaschine<\/p><\/div><div class=\"q_icon_list\"><i class=\"qode_icon_font_awesome fa fa-circle qode-ili-icon-holder transparent\" style=\"font-size: 13px;color: #66000d;\" ><\/i><p style=\"color:#000000;font-size: 17px;font-weight: 500;\">K\u00fchlschrank<\/p><\/div><div class=\"q_icon_list\"><i class=\"qode_icon_font_awesome fa fa-circle qode-ili-icon-holder transparent\" style=\"font-size: 13px;color: #66000d;\" ><\/i><p style=\"color:#000000;font-size: 17px;font-weight: 500;\">Tiefk\u00fchlschrank<\/p><\/div>[\/qode_elements_holder_item][qode_elements_holder_item advanced_animations=&#8220;no&#8220; item_padding_600_768=&#8220;0px 20px 0px 20px&#8220; item_padding_480_600=&#8220;0px 20px 0px 20px&#8220; item_padding_480=&#8220;0px 20px 0px 20px&#8220;]<div class=\"q_icon_list\"><i class=\"qode_icon_font_awesome fa fa-circle qode-ili-icon-holder transparent\" style=\"font-size: 13px;color: #66000d;\" ><\/i><p style=\"color:#000000;font-size: 17px;font-weight: 500;\">Klimaanlage<\/p><\/div><div class=\"q_icon_list\"><i class=\"qode_icon_font_awesome fa fa-circle qode-ili-icon-holder transparent\" style=\"font-size: 13px;color: #66000d;\" ><\/i><p style=\"color:#000000;font-size: 17px;font-weight: 500;\">TV<\/p><\/div><div class=\"q_icon_list\"><i class=\"qode_icon_font_awesome fa fa-circle qode-ili-icon-holder transparent\" style=\"font-size: 13px;color: #66000d;\" ><\/i><p style=\"color:#000000;font-size: 17px;font-weight: 500;\">Internet<\/p><\/div><div class=\"q_icon_list\"><i class=\"qode_icon_font_awesome fa fa-circle qode-ili-icon-holder transparent\" style=\"font-size: 13px;color: #66000d;\" ><\/i><p style=\"color:#000000;font-size: 17px;font-weight: 500;\">separate Heizung in jedem Raum<\/p><\/div>[\/qode_elements_holder_item][\/qode_elements_holder][\/vc_column_inner][vc_column_inner width=&#8220;1\/6&#8243;][\/vc_column_inner][\/vc_row_inner][vc_empty_space height=&#8220;45px&#8220;][vc_column_text]<\/p>\n<h4 style=\"text-align: center;\">Das Appartement befindet sich im ersten Stock. Wir bitten um Einhaltung der Nachtruhe<\/h4>\n<p>[\/vc_column_text][vc_empty_space height=&#8220;64px&#8220;][vc_row_inner row_type=&#8220;row&#8220; type=&#8220;full_width&#8220; text_align=&#8220;left&#8220; css_animation=&#8220;&#8220;][vc_column_inner width=&#8220;1\/5&#8243;][vc_single_image image=&#8220;24&#8243; img_size=&#8220;180&#215;150&#8243; alignment=&#8220;center&#8220; qode_css_animation=&#8220;&#8220; qode_hover_animation=&#8220;zoom_in&#8220;][\/vc_column_inner][vc_column_inner width=&#8220;1\/5&#8243;][vc_empty_space height=&#8220;20px&#8220;][vc_single_image image=&#8220;10&#8243; img_size=&#8220;250&#215;220&#8243; alignment=&#8220;center&#8220; qode_css_animation=&#8220;&#8220; qode_hover_animation=&#8220;zoom_in&#8220;][\/vc_column_inner][vc_column_inner width=&#8220;1\/5&#8243;][vc_empty_space height=&#8220;40px&#8220; el_class=&#8220;viewdesktop&#8220;][vc_empty_space height=&#8220;20px&#8220; el_class=&#8220;viewphone&#8220;][vc_single_image image=&#8220;26&#8243; img_size=&#8220;280&#215;250&#8243; alignment=&#8220;center&#8220; qode_css_animation=&#8220;&#8220; qode_hover_animation=&#8220;zoom_in&#8220;][\/vc_column_inner][vc_column_inner width=&#8220;1\/5&#8243;][vc_empty_space height=&#8220;20px&#8220;][vc_single_image image=&#8220;22&#8243; img_size=&#8220;250&#215;220&#8243; alignment=&#8220;center&#8220; qode_css_animation=&#8220;&#8220; qode_hover_animation=&#8220;zoom_in&#8220;][\/vc_column_inner][vc_column_inner width=&#8220;1\/5&#8243;][vc_empty_space height=&#8220;20px&#8220; el_class=&#8220;viewphone&#8220;][vc_single_image image=&#8220;23&#8243; img_size=&#8220;180&#215;150&#8243; alignment=&#8220;center&#8220; qode_css_animation=&#8220;&#8220; qode_hover_animation=&#8220;zoom_in&#8220;][\/vc_column_inner][\/vc_row_inner][vc_empty_space height=&#8220;64px&#8220;][vc_row_inner row_type=&#8220;row&#8220; type=&#8220;full_width&#8220; text_align=&#8220;left&#8220; css_animation=&#8220;&#8220;][vc_column_inner][vc_empty_space height=&#8220;60px&#8220;][vc_column_text]<\/p>\n<h1>In der N\u00e4he befindet sich<\/h1>\n<p>[\/vc_column_text][vc_empty_space height=&#8220;30px&#8220;][\/vc_column_inner][\/vc_row_inner][vc_row_inner row_type=&#8220;row&#8220; type=&#8220;full_width&#8220; text_align=&#8220;left&#8220; css_animation=&#8220;&#8220;][vc_column_inner width=&#8220;1\/6&#8243;][\/vc_column_inner][vc_column_inner width=&#8220;2\/3&#8243;][qode_elements_holder number_of_columns=&#8220;two_columns&#8220;][qode_elements_holder_item advanced_animations=&#8220;no&#8220; item_padding_600_768=&#8220;0px 20px 0px 20px&#8220; item_padding_480_600=&#8220;0px 20px 0px 20px&#8220; item_padding_480=&#8220;0px 20px 0px 20px&#8220;]<div class=\"q_icon_list\"><i class=\"qode_icon_font_awesome fa fa-circle qode-ili-icon-holder transparent\" style=\"font-size: 13px;color: #66000d;\" ><\/i><p style=\"color:#000000;font-size: 17px;font-weight: 500;\">Aquapark Senec, Sai wellness (1 Minute Fussweg)<\/p><\/div><div class=\"q_icon_list\"><i class=\"qode_icon_font_awesome fa fa-circle qode-ili-icon-holder transparent\" style=\"font-size: 13px;color: #66000d;\" ><\/i><p style=\"color:#000000;font-size: 17px;font-weight: 500;\">Bahnhof (2 Minuten Autofahrt)<\/p><\/div><div class=\"q_icon_list\"><i class=\"qode_icon_font_awesome fa fa-circle qode-ili-icon-holder transparent\" style=\"font-size: 13px;color: #66000d;\" ><\/i><p style=\"color:#000000;font-size: 17px;font-weight: 500;\">Busbahnhof (3 Minuten Autofahrt)<\/p><\/div><div class=\"q_icon_list\"><i class=\"qode_icon_font_awesome fa fa-circle qode-ili-icon-holder transparent\" style=\"font-size: 13px;color: #66000d;\" ><\/i><p style=\"color:#000000;font-size: 17px;font-weight: 500;\">Flughafen in Bratislava (18 Minuten Autofahrt)<\/p><\/div>[\/qode_elements_holder_item][qode_elements_holder_item advanced_animations=&#8220;no&#8220; item_padding_600_768=&#8220;0px 20px 0px 20px&#8220; item_padding_480_600=&#8220;0px 20px 0px 20px&#8220; item_padding_480=&#8220;0px 20px 0px 20px&#8220;]<div class=\"q_icon_list\"><i class=\"qode_icon_font_awesome fa fa-circle qode-ili-icon-holder transparent\" style=\"font-size: 13px;color: #66000d;\" ><\/i><p style=\"color:#000000;font-size: 17px;font-weight: 500;\">Logistikpark Senec (5 Minuten Autofahrt)<\/p><\/div><div class=\"q_icon_list\"><i class=\"qode_icon_font_awesome fa fa-circle qode-ili-icon-holder transparent\" style=\"font-size: 13px;color: #66000d;\" ><\/i><p style=\"color:#000000;font-size: 17px;font-weight: 500;\">Slovakia Ring (30 Minuten Autofahrt)<\/p><\/div><div class=\"q_icon_list\"><i class=\"qode_icon_font_awesome fa fa-circle qode-ili-icon-holder transparent\" style=\"font-size: 13px;color: #66000d;\" ><\/i><p style=\"color:#000000;font-size: 17px;font-weight: 500;\">Golf Hruba Bor\u0161a (12 Minuten Autofahrt)<\/p><\/div>[\/qode_elements_holder_item][\/qode_elements_holder][\/vc_column_inner][vc_column_inner width=&#8220;1\/6&#8243;][\/vc_column_inner][\/vc_row_inner][vc_empty_space height=&#8220;64px&#8220;][\/vc_column][\/vc_row][vc_row css_animation=&#8220;&#8220; row_type=&#8220;row&#8220; use_row_as_full_screen_section=&#8220;no&#8220; type=&#8220;grid&#8220; angled_section=&#8220;no&#8220; text_align=&#8220;left&#8220; background_image_as_pattern=&#8220;without_pattern&#8220; z_index=&#8220;&#8220; css=&#8220;.vc_custom_1563192708930{background-color: rgba(102,0,13,0.75) !important;*background-color: rgb(102,0,13) !important;}&#8220;][vc_column][vc_empty_space height=&#8220;64px&#8220;][vc_empty_space height=&#8220;60px&#8220;][vc_column_text]<\/p>\n<h1 style=\"text-align: center;\"><span style=\"color: #ffffff;\">Senec<\/span><\/h1>\n<p>[\/vc_column_text][vc_empty_space height=&#8220;10px&#8220;][vc_column_text]<\/p>\n<h2 style=\"text-align: center;\"><span style=\"color: #ffffff;\">Slne\u010dn\u00e9 jazer\u00e1<br \/>\n<\/span><\/h2>\n<p>[\/vc_column_text][vc_empty_space height=&#8220;64px&#8220;][qode_elements_holder number_of_columns=&#8220;two_columns&#8220; columns_proportion=&#8220;33_66&#8243;][qode_elements_holder_item advanced_animations=&#8220;no&#8220;][vc_single_image image=&#8220;27&#8243; img_size=&#8220;350&#215;200&#8243; alignment=&#8220;center&#8220; onclick=&#8220;link_image&#8220; qode_css_animation=&#8220;&#8220;][\/qode_elements_holder_item][qode_elements_holder_item advanced_animations=&#8220;no&#8220; item_padding=&#8220;80px 0 80px 80px&#8220; item_padding_1280_1440=&#8220;50px 0 50px 50px&#8220; item_padding_1024_1280=&#8220;50px 0 50px 50px&#8220; item_padding_768_1024=&#8220;50px 0 50px 50px&#8220; item_padding_600_768=&#8220;40px 0&#8243; item_padding_480_600=&#8220;40px 0&#8243; item_padding_480=&#8220;40px 0&#8243;][vc_column_text]<span style=\"color: #ffffff;\">Senec befindet sich in Mitteleuropa Region. Es ist eine Stadt im Sudwesten der Slowakei, die ist zirka 27 kilometer\u00a0 von der \u00f6sterreichischen und ungarischen Grenze entfernt<\/span><\/p>\n<p>&nbsp;<\/p>\n<p><span style=\"color: #ffffff;\">Bratislava, die Hauptstadt der Slowakei ist 25 km von Senec entfernt. Senec liegt an der Autobahn D1 von Bratislava nach \u017dilina und an der wichtigen europ\u00e4ischen Eisenbahnlinie Prag-Bratislava-Balkan \/ Orient<\/span>[\/vc_column_text][\/qode_elements_holder_item][\/qode_elements_holder][vc_empty_space height=&#8220;15px&#8220;][qode_elements_holder number_of_columns=&#8220;two_columns&#8220; columns_proportion=&#8220;66_33&#8243;][qode_elements_holder_item advanced_animations=&#8220;no&#8220; item_padding=&#8220;80px 80 px 80px 0&#8243; item_padding_1280_1440=&#8220;50px 50px 50px 0&#8243; item_padding_1024_1280=&#8220;50px 50px 50px 0&#8243; item_padding_768_1024=&#8220;50px 50px0 50px 0&#8243; item_padding_600_768=&#8220;40px 0&#8243; item_padding_480_600=&#8220;40px 0&#8243; item_padding_480=&#8220;40px 0&#8243;][vc_single_image image=&#8220;49&#8243; img_size=&#8220;350&#215;200&#8243; alignment=&#8220;center&#8220; onclick=&#8220;link_image&#8220; qode_css_animation=&#8220;&#8220; el_class=&#8220;viewphone&#8220;][vc_empty_space height=&#8220;40px&#8220; el_class=&#8220;viewphone&#8220;][vc_column_text]<\/p>\n<p style=\"text-align: right;\"><span style=\"color: #ffffff;\">Senec ist vor allem als ein bedeutendes sommerliches touristisches Zentrum bekannt. Es ist anlockend nicht nur wegen der N\u00e4he der Hauptstadt, sondern auch wegen\u00a0 dem Erholungsareal der Sonnenseen. (Slne\u010dn\u00e9 jazer\u00e1)<\/span><\/p>\n<p style=\"text-align: right;\"><span style=\"color: #ffffff;\">Viele einheimische und ausl\u00e4ndische Touristen besuchen Senec, um sich am Wasser zu entspannen oder die vielen M\u00f6glichkeiten f\u00fcr Sport- und Kulturveranstaltungen zu nutzen.<\/span><\/p>\n<p style=\"text-align: right;\"><span style=\"color: #ffffff;\">Neben den Badem\u00f6glichkeiten kann man hier im Erholungsareal viele Spielpl\u00e4tze, Volleyball,\u00a0 Tennispl\u00e4tze\u00a0 und Restaurants finden. Es k\u00f6nnen fast alle Wassersportarten ausge\u00fcbt werden, kann man Wasserfahrr\u00e4der, Paddelboarden und Sportger\u00e4te verleihen.<\/span><\/p>\n<p>[\/vc_column_text][\/qode_elements_holder_item][qode_elements_holder_item advanced_animations=&#8220;no&#8220;][vc_single_image image=&#8220;49&#8243; img_size=&#8220;350&#215;200&#8243; alignment=&#8220;center&#8220; onclick=&#8220;link_image&#8220; qode_css_animation=&#8220;&#8220; el_class=&#8220;viewdesktop&#8220;][\/qode_elements_holder_item][\/qode_elements_holder][vc_empty_space height=&#8220;15px&#8220;][qode_elements_holder number_of_columns=&#8220;two_columns&#8220; columns_proportion=&#8220;33_66&#8243;][qode_elements_holder_item advanced_animations=&#8220;no&#8220;][vc_single_image image=&#8220;50&#8243; img_size=&#8220;350&#215;200&#8243; alignment=&#8220;center&#8220; onclick=&#8220;link_image&#8220; qode_css_animation=&#8220;&#8220;][\/qode_elements_holder_item][qode_elements_holder_item advanced_animations=&#8220;no&#8220; item_padding=&#8220;80px 0 80px 80px&#8220; item_padding_1280_1440=&#8220;50px 0 50px 50px&#8220; item_padding_1024_1280=&#8220;50px 0 50px 50px&#8220; item_padding_768_1024=&#8220;50px 0 50px 50px&#8220; item_padding_600_768=&#8220;40px 0&#8243; item_padding_480_600=&#8220;40px 0&#8243; item_padding_480=&#8220;40px 0&#8243;][vc_column_text]<span style=\"color: #ffffff;\">Wahrscheinlich meist besucht sind der Aquapark Senec und Sai wellness.<\/span><\/p>\n<p>&nbsp;<\/p>\n<p><span style=\"color: #ffffff;\">Das etwa 10 Minuten entfernte Logistikzentrum verf\u00fcgt \u00fcber zahlreiche Werenlager internationaler Konzerne und B\u00fcros. Aus diesem Grund kommen viele Reisende f\u00fcr Gesch\u00e4ftsreisen hierher.<\/span>[\/vc_column_text][\/qode_elements_holder_item][\/qode_elements_holder][vc_empty_space height=&#8220;64px&#8220;][\/vc_column][\/vc_row][vc_row css_animation=&#8220;&#8220; row_type=&#8220;row&#8220; use_row_as_full_screen_section=&#8220;no&#8220; type=&#8220;grid&#8220; angled_section=&#8220;no&#8220; text_align=&#8220;left&#8220; background_image_as_pattern=&#8220;without_pattern&#8220; z_index=&#8220;&#8220;][vc_column][vc_empty_space height=&#8220;64px&#8220;][vc_column_text]<\/p>\n<h1>Preis<\/h1>\n<p>[\/vc_column_text][vc_empty_space height=&#8220;30px&#8220;][vc_column_text]<\/p>\n<p>Preis ab<strong> 100,- Eur &#8211; 150,- Eur<\/strong>\/\/ Appartement \/ Nacht. Der Preis h\u00e4ngt von Season, Personenzahl und Aufenthaltsdauer ab.<\/p>\n<p>&nbsp;<\/p>\n<p>Gerne unterbreiten wir Ihnen ein individuelles Angebot. Bitte kontaktieren Sie uns.<\/p>\n<p>&nbsp;<\/p>\n<p>Bei Langzeitmieten bieten wir Preisnachl\u00e4sse an.<\/p>\n<p>&nbsp;<\/p>\n<p>Kurtaxe f\u00fcr kurzfristige <strong>0,70 EUR<\/strong> \/Person\/Nacht<\/p>\n<p>[\/vc_column_text][vc_empty_space height=&#8220;64px&#8220;][vc_row_inner row_type=&#8220;row&#8220; type=&#8220;full_width&#8220; text_align=&#8220;left&#8220; css_animation=&#8220;&#8220;][vc_column_inner width=&#8220;1\/3&#8243;][vc_empty_space height=&#8220;60px&#8220;][vc_column_text]<\/p>\n<h1>Kontakte<\/h1>\n<p>[\/vc_column_text][vc_empty_space height=&#8220;30px&#8220;][vc_column_text]<span data-type=\"normal\"  class=\"qode_icon_shortcode  q_font_awsome_icon  pull-left \" style=\" \"><i class=\"qode_icon_font_awesome fa fa-phone qode_icon_element\" style=\"color: #66000d;\" ><\/i><\/span>\u00a0 <a href=\"tel: +421907125192\">00421\/907 125 192<\/a><\/p>\n<p>&nbsp;<\/p>\n<p><span data-type=\"normal\"  class=\"qode_icon_shortcode  q_font_awsome_icon  pull-left \" style=\" \"><i class=\"qode_icon_font_awesome fa fa-phone qode_icon_element\" style=\"color: #66000d;\" ><\/i><\/span>\u00a0 <a href=\"tel: +421903677037\">00421\/903 677 037<\/a><\/p>\n<p>&nbsp;<\/p>\n<p><span data-type=\"normal\"  class=\"qode_icon_shortcode  q_font_awsome_icon  pull-left \" style=\" \"><i class=\"qode_icon_font_awesome fa fa-envelope qode_icon_element\" style=\"color: #66000d;\" ><\/i><\/span>\u00a0 <a href=\"mailto:info@apartmentdolfi.sk\">info@apartmentdolfi.sk<\/a><\/p>\n<p>&nbsp;<\/p>\n<p><span data-type=\"normal\"  class=\"qode_icon_shortcode  q_font_awsome_icon  pull-left \" style=\" \"><i class=\"qode_icon_font_awesome fa fa-globe qode_icon_element\" style=\"color: #66000d;\" ><\/i><\/span> \u00a0<a href=\"https:\/\/apartmentdolfi.sk\">https:\/\/apartmentdolfi.sk<\/a>[\/vc_column_text][\/vc_column_inner][vc_column_inner width=&#8220;2\/3&#8243;][vc_empty_space height=&#8220;150px&#8220;]\n<div class=\"wpcf7 no-js\" id=\"wpcf7-f66-o1\" lang=\"en-US\" dir=\"ltr\" data-wpcf7-id=\"66\">\n<div class=\"screen-reader-response\"><p role=\"status\" aria-live=\"polite\" aria-atomic=\"true\"><\/p> <ul><\/ul><\/div>\n<form action=\"\/de\/wp-json\/wp\/v2\/pages\/72#wpcf7-f66-o1\" method=\"post\" class=\"wpcf7-form init cf7_custom_style_1\" aria-label=\"Contact form\" novalidate=\"novalidate\" data-status=\"init\">\n<fieldset class=\"hidden-fields-container\"><input type=\"hidden\" name=\"_wpcf7\" value=\"66\" \/><input type=\"hidden\" name=\"_wpcf7_version\" value=\"6.1.5\" \/><input type=\"hidden\" name=\"_wpcf7_locale\" value=\"en_US\" \/><input type=\"hidden\" name=\"_wpcf7_unit_tag\" value=\"wpcf7-f66-o1\" \/><input type=\"hidden\" name=\"_wpcf7_container_post\" value=\"0\" \/><input type=\"hidden\" name=\"_wpcf7_posted_data_hash\" value=\"\" \/><input type=\"hidden\" name=\"_wpcf7_recaptcha_response\" value=\"\" \/>\n<\/fieldset>\n<p><label> Name*<br \/>\n<span class=\"wpcf7-form-control-wrap\" data-name=\"meno\"><input size=\"40\" maxlength=\"400\" class=\"wpcf7-form-control wpcf7-text wpcf7-validates-as-required\" aria-required=\"true\" aria-invalid=\"false\" value=\"\" type=\"text\" name=\"meno\" \/><\/span> <\/label>\n<\/p>\n<p><label> Email*<br \/>\n<span class=\"wpcf7-form-control-wrap\" data-name=\"email\"><input size=\"40\" maxlength=\"400\" class=\"wpcf7-form-control wpcf7-email wpcf7-validates-as-required wpcf7-text wpcf7-validates-as-email\" aria-required=\"true\" aria-invalid=\"false\" value=\"\" type=\"email\" name=\"email\" \/><\/span> <\/label>\n<\/p>\n<p><label> Gegenstand<br \/>\n<span class=\"wpcf7-form-control-wrap\" data-name=\"predmet\"><input size=\"40\" maxlength=\"400\" class=\"wpcf7-form-control wpcf7-text\" aria-invalid=\"false\" value=\"\" type=\"text\" name=\"predmet\" \/><\/span> <\/label>\n<\/p>\n<p><label> Botschaft<br \/>\n<span class=\"wpcf7-form-control-wrap\" data-name=\"sprava\"><textarea cols=\"40\" rows=\"10\" maxlength=\"2000\" class=\"wpcf7-form-control wpcf7-textarea\" aria-invalid=\"false\" name=\"sprava\"><\/textarea><\/span> <\/label>\n<\/p>\n<p><span class=\"wpcf7-form-control-wrap\" data-name=\"acceptance-363\"><span class=\"wpcf7-form-control wpcf7-acceptance\"><span class=\"wpcf7-list-item\"><label><input type=\"checkbox\" name=\"acceptance-363\" value=\"1\" aria-invalid=\"false\" \/><span class=\"wpcf7-list-item-label\">S\u00fahlas\u00edm so <a href=\" https:\/\/apartmentdolfi.sk\/de\/gdpr\/\" target=\"_self\">spracovan\u00edm osbn\u00fdch \u00fadajov <\/a><\/span><\/label><\/span><\/span><\/span>\n<\/p>\n<p><input class=\"wpcf7-form-control wpcf7-submit has-spinner\" type=\"submit\" value=\"Senden\" \/>\n<\/p><p style=\"display: none !important;\" class=\"akismet-fields-container\" data-prefix=\"_wpcf7_ak_\"><label>&#916;<textarea name=\"_wpcf7_ak_hp_textarea\" cols=\"45\" rows=\"8\" maxlength=\"100\"><\/textarea><\/label><input type=\"hidden\" id=\"ak_js_1\" name=\"_wpcf7_ak_js\" value=\"165\"\/><script>document.getElementById( \"ak_js_1\" ).setAttribute( \"value\", ( new Date() ).getTime() );<\/script><\/p><div class=\"wpcf7-response-output\" aria-hidden=\"true\"><\/div>\n<\/form>\n<\/div>\n[\/vc_column_inner][\/vc_row_inner][vc_empty_space height=&#8220;64px&#8220;][\/vc_column][\/vc_row][vc_row css_animation=&#8220;&#8220; row_type=&#8220;row&#8220; use_row_as_full_screen_section=&#8220;no&#8220; type=&#8220;full_width&#8220; angled_section=&#8220;no&#8220; text_align=&#8220;left&#8220; background_image_as_pattern=&#8220;without_pattern&#8220; z_index=&#8220;&#8220;][vc_column][vc_gmaps link=&#8220;#E-8_JTNDaWZyYW1lJTIwc3JjJTNEJTIyaHR0cHMlM0ElMkYlMkZ3d3cuZ29vZ2xlLmNvbSUyRm1hcHMlMkZlbWJlZCUzRnBiJTNEJTIxMW0xNCUyMTFtOCUyMTFtMyUyMTFkNjY0LjU3MzQxNDc0NTc5MjklMjEyZDE3LjQxNDAxNDclMjEzZDQ4LjIyMDIxOTclMjEzbTIlMjExaTEwMjQlMjEyaTc2OCUyMTRmMTMuMSUyMTNtMyUyMTFtMiUyMTFzMHg0NzZjOWQzYzJmMGRiNGFkJTI1M0EweDc5MTU1ZTdhYTM4NGE5Y2UlMjEyc0FwYXJ0bWVudCUyQkRvbGZpJTIxNWUwJTIxM20yJTIxMXNkZSUyMTJzbHQlMjE0djE1NjQ3MzI0ODQ4NjQlMjE1bTIlMjExc2RlJTIxMnNsdCUyMiUyMHdpZHRoJTNEJTIyNjAwJTIyJTIwaGVpZ2h0JTNEJTIyNDUwJTIyJTIwZnJhbWVib3JkZXIlM0QlMjIwJTIyJTIwc3R5bGUlM0QlMjJib3JkZXIlM0EwJTIyJTIwYWxsb3dmdWxsc2NyZWVuJTNFJTNDJTJGaWZyYW1lJTNF&#8220;][\/vc_column][\/vc_row]<\/p>\n","protected":false},"excerpt":{"rendered":"<p>[vc_row css_animation=&#8220;&#8220; row_type=&#8220;row&#8220; use_row_as_full_screen_section=&#8220;no&#8220; type=&#8220;full_width&#8220; angled_section=&#8220;no&#8220; text_align=&#8220;left&#8220; background_image_as_pattern=&#8220;without_pattern&#8220;][vc_column][rev_slider_vc alias=&#8220;domov&#8220;][\/vc_column][\/vc_row][vc_row css_animation=&#8220;&#8220; row_type=&#8220;row&#8220; use_row_as_full_screen_section=&#8220;no&#8220; type=&#8220;grid&#8220; angled_section=&#8220;no&#8220; text_align=&#8220;left&#8220; background_image_as_pattern=&#8220;without_pattern&#8220; z_index=&#8220;&#8220;][vc_column][vc_empty_space height=&#8220;64px&#8220;][vc_row_inner row_type=&#8220;row&#8220; type=&#8220;full_width&#8220; text_align=&#8220;left&#8220; css_animation=&#8220;&#8220;][vc_column_inner width=&#8220;1\/2&#8243;][vc_empty_space height=&#8220;60px&#8220;][vc_column_text] Appartement [\/vc_column_text][vc_empty_space height=&#8220;30px&#8220;][vc_column_text]Ein neues sch\u00f6nes Appartement am Sonnensee in Senec mit zwei Balkonen mit der Gesamtfl\u00e4che 53m2. Es verf\u00fcgt \u00fcber ein&#8230;<\/p>\n","protected":false},"author":1,"featured_media":0,"parent":0,"menu_order":0,"comment_status":"closed","ping_status":"open","template":"full_width.php","meta":{"footnotes":""},"class_list":["post-72","page","type-page","status-publish","hentry"],"_links":{"self":[{"href":"https:\/\/apartmentdolfi.sk\/de\/wp-json\/wp\/v2\/pages\/72","targetHints":{"allow":["GET"]}}],"collection":[{"href":"https:\/\/apartmentdolfi.sk\/de\/wp-json\/wp\/v2\/pages"}],"about":[{"href":"https:\/\/apartmentdolfi.sk\/de\/wp-json\/wp\/v2\/types\/page"}],"author":[{"embeddable":true,"href":"https:\/\/apartmentdolfi.sk\/de\/wp-json\/wp\/v2\/users\/1"}],"replies":[{"embeddable":true,"href":"https:\/\/apartmentdolfi.sk\/de\/wp-json\/wp\/v2\/comments?post=72"}],"version-history":[{"count":7,"href":"https:\/\/apartmentdolfi.sk\/de\/wp-json\/wp\/v2\/pages\/72\/revisions"}],"predecessor-version":[{"id":108,"href":"https:\/\/apartmentdolfi.sk\/de\/wp-json\/wp\/v2\/pages\/72\/revisions\/108"}],"wp:attachment":[{"href":"https:\/\/apartmentdolfi.sk\/de\/wp-json\/wp\/v2\/media?parent=72"}],"curies":[{"name":"wp","href":"https:\/\/api.w.org\/{rel}","templated":true}]}}